{"id":502,"date":"2023-12-14T08:25:26","date_gmt":"2023-12-14T08:25:26","guid":{"rendered":"https:\/\/studioharris.fi\/?page_id=502"},"modified":"2023-12-20T07:45:53","modified_gmt":"2023-12-20T07:45:53","slug":"palaute","status":"publish","type":"page","link":"https:\/\/studioharris.fi\/index.php\/palaute\/","title":{"rendered":"Anna palautetta"},"content":{"rendered":"\n<h2 class=\"has-text-align-left palaute\">Anna palautetta<\/h2>\n\n\n<style id=\"wpforms-css-vars-root\">\n\t\t\t\t:root {\n\t\t\t\t\t--wpforms-field-border-radius: 3px;\n--wpforms-field-background-color: #ffffff;\n--wpforms-field-border-color: rgba( 0, 0, 0, 0.25 );\n--wpforms-field-text-color: rgba( 0, 0, 0, 0.7 );\n--wpforms-label-color: rgba( 0, 0, 0, 0.85 );\n--wpforms-label-sublabel-color: rgba( 0, 0, 0, 0.55 );\n--wpforms-label-error-color: #d63637;\n--wpforms-button-border-radius: 3px;\n--wpforms-button-background-color: #066aab;\n--wpforms-button-text-color: #ffffff;\n--wpforms-field-size-input-height: 43px;\n--wpforms-field-size-input-spacing: 15px;\n--wpforms-field-size-font-size: 16px;\n--wpforms-field-size-line-height: 19px;\n--wpforms-field-size-padding-h: 14px;\n--wpforms-field-size-checkbox-size: 16px;\n--wpforms-field-size-sublabel-spacing: 5px;\n--wpforms-field-size-icon-size: 1;\n--wpforms-label-size-font-size: 16px;\n--wpforms-label-size-line-height: 19px;\n--wpforms-label-size-sublabel-font-size: 14px;\n--wpforms-label-size-sublabel-line-height: 17px;\n--wpforms-button-size-font-size: 17px;\n--wpforms-button-size-height: 41px;\n--wpforms-button-size-padding-h: 15px;\n--wpforms-button-size-margin-top: 10px;\n\n\t\t\t\t}\n\t\t\t<\/style><div class=\"wpforms-container wpforms-container-full feedbackform wpforms-block wpforms-render-modern\" id=\"wpforms-510\"><form id=\"wpforms-form-510\" class=\"wpforms-validate wpforms-form wpforms-ajax-form\" data-formid=\"510\" method=\"post\" enctype=\"multipart\/form-data\" action=\"\/index.php\/wp-json\/wp\/v2\/pages\/502\" data-token=\"94591c58d799202a1df60cbc3508f812\"><div class=\"wpforms-head-container\"><div class=\"wpforms-description\">Vain kampaamo n\u00e4kee palautteesi. Tietoja ei julkaista.<\/div><\/div><noscript class=\"wpforms-error-noscript\">Please enable JavaScript in your browser to complete this form.<\/noscript><div class=\"wpforms-hidden\" id=\"wpforms-error-noscript\">Please enable JavaScript in your browser to complete this form.<\/div><div class=\"wpforms-field-container\"><div id=\"wpforms-510-field_1-container\" class=\"wpforms-field wpforms-field-radio\" data-field-id=\"1\"><fieldset><legend class=\"wpforms-field-label\">Piditk\u00f6 kokemuksestasi Studio22:lla?<\/legend><ul id=\"wpforms-510-field_1\"><li class=\"choice-1 depth-1\"><input type=\"radio\" id=\"wpforms-510-field_1_1\" name=\"wpforms[fields][1]\" value=\"Kyll\u00e4\" aria-errormessage=\"wpforms-510-field_1_1-error\"  ><label class=\"wpforms-field-label-inline\" for=\"wpforms-510-field_1_1\">Kyll\u00e4<\/label><\/li><li class=\"choice-2 depth-1\"><input type=\"radio\" id=\"wpforms-510-field_1_2\" name=\"wpforms[fields][1]\" value=\"Ei\" aria-errormessage=\"wpforms-510-field_1_2-error\"  ><label class=\"wpforms-field-label-inline\" for=\"wpforms-510-field_1_2\">Ei<\/label><\/li><\/ul><\/fieldset><\/div><div id=\"wpforms-510-field_2-container\" class=\"wpforms-field wpforms-field-textarea\" data-field-id=\"2\"><label class=\"wpforms-field-label\" for=\"wpforms-510-field_2\">Voisimmeko tehd\u00e4 jotain toisin, jotta kokemuksesi olisi parempi?<\/label><textarea id=\"wpforms-510-field_2\" class=\"wpforms-field-medium\" name=\"wpforms[fields][2]\" aria-errormessage=\"wpforms-510-field_2-error\" ><\/textarea><\/div><div id=\"wpforms-510-field_4-container\" class=\"wpforms-field wpforms-field-name\" data-field-id=\"4\"><label class=\"wpforms-field-label\" for=\"wpforms-510-field_4\">Nimi<\/label><input type=\"text\" id=\"wpforms-510-field_4\" class=\"wpforms-field-medium\" name=\"wpforms[fields][4]\" aria-errormessage=\"wpforms-510-field_4-error\" aria-describedby=\"wpforms-510-field_4-description\" ><div id=\"wpforms-510-field_4-description\" class=\"wpforms-field-description\">Ei pakollinen. Voit j\u00e4tt\u00e4\u00e4 palautteen my\u00f6s anonyymin\u00e4.<\/div><\/div><div id=\"wpforms-510-field_5-container\" class=\"wpforms-field wpforms-field-email\" data-field-id=\"5\"><label class=\"wpforms-field-label\" for=\"wpforms-510-field_5\">S\u00e4hk\u00f6postiosoite<\/label><input type=\"email\" id=\"wpforms-510-field_5\" class=\"wpforms-field-medium\" name=\"wpforms[fields][5]\" spellcheck=\"false\" aria-errormessage=\"wpforms-510-field_5-error\" aria-describedby=\"wpforms-510-field_5-description\" ><div id=\"wpforms-510-field_5-description\" class=\"wpforms-field-description\">Ei pakollinen. Voit j\u00e4tt\u00e4\u00e4 palautteen my\u00f6s anonyymin\u00e4.<\/div><\/div><\/div><!-- .wpforms-field-container --><div class=\"wpforms-recaptcha-container wpforms-is-recaptcha\" ><div class=\"g-recaptcha\" data-sitekey=\"6LfJHzcpAAAAANy4cS28w94rNLqcblz8Mifw_MBx\"><\/div><input type=\"text\" name=\"g-recaptcha-hidden\" class=\"wpforms-recaptcha-hidden\" style=\"position:absolute!important;clip:rect(0,0,0,0)!important;height:1px!important;width:1px!important;border:0!important;overflow:hidden!important;padding:0!important;margin:0!important;\" data-rule-recaptcha=\"1\"><\/div><div class=\"wpforms-submit-container\" ><input type=\"hidden\" name=\"wpforms[id]\" value=\"510\"><input type=\"hidden\" name=\"wpforms[author]\" value=\"1\"><button type=\"submit\" name=\"wpforms[submit]\" id=\"wpforms-submit-510\" class=\"wpforms-submit\" data-alt-text=\"L\u00e4hetet\u00e4\u00e4n...\" data-submit-text=\"L\u00e4het\u00e4\" aria-live=\"assertive\" value=\"wpforms-submit\">L\u00e4het\u00e4<\/button><img loading=\"lazy\" src=\"https:\/\/studioharris.fi\/wp-content\/plugins\/wpforms-lite\/assets\/images\/submit-spin.svg\" class=\"wpforms-submit-spinner\" style=\"display: none;\" width=\"26\" height=\"26\" alt=\"Loading\"><\/div><\/form><\/div>  <!-- .wpforms-container -->","protected":false},"excerpt":{"rendered":"<p>Anna palautetta<\/p>\n","protected":false},"author":1,"featured_media":0,"parent":0,"menu_order":0,"comment_status":"closed","ping_status":"closed","template":"","meta":[],"yoast_head":"<!-- This site is optimized with the Yoast SEO plugin v17.7.1 - https:\/\/yoast.com\/wordpress\/plugins\/seo\/ -->\n<title>Anna palautetta - Studio22<\/title>\n<meta name=\"robots\" content=\"index, follow, max-snippet:-1, max-image-preview:large, max-video-preview:-1\" \/>\n<link rel=\"canonical\" href=\"https:\/\/studioharris.fi\/index.php\/palaute\/\" \/>\n<meta property=\"og:locale\" content=\"fi_FI\" \/>\n<meta property=\"og:type\" content=\"article\" \/>\n<meta property=\"og:title\" content=\"Anna palautetta - Studio22\" \/>\n<meta property=\"og:description\" content=\"Anna palautetta\" \/>\n<meta property=\"og:url\" content=\"https:\/\/studioharris.fi\/index.php\/palaute\/\" \/>\n<meta property=\"og:site_name\" content=\"Studio22\" \/>\n<meta property=\"article:publisher\" content=\"https:\/\/www.facebook.com\/hairbymmaliiya\/\" \/>\n<meta property=\"article:modified_time\" content=\"2023-12-20T07:45:53+00:00\" \/>\n<meta name=\"twitter:card\" content=\"summary_large_image\" \/>\n<meta name=\"twitter:label1\" content=\"Arvioitu lukuaika\" \/>\n\t<meta name=\"twitter:data1\" content=\"1 minuutti\" \/>\n<script type=\"application\/ld+json\" class=\"yoast-schema-graph\">{\"@context\":\"https:\/\/schema.org\",\"@graph\":[{\"@type\":\"Organization\",\"@id\":\"https:\/\/studioharris.fi\/#organization\",\"name\":\"Studio22\",\"url\":\"https:\/\/studioharris.fi\/\",\"sameAs\":[\"https:\/\/www.facebook.com\/hairbymmaliiya\/\",\"https:\/\/www.instagram.com\/hairbymmaliiya\/\"],\"logo\":{\"@type\":\"ImageObject\",\"@id\":\"https:\/\/studioharris.fi\/#logo\",\"inLanguage\":\"fi\",\"url\":\"https:\/\/studioharris.fi\/wp-content\/uploads\/2021\/11\/cropped-Studio22_logo_musta-2.png\",\"contentUrl\":\"https:\/\/studioharris.fi\/wp-content\/uploads\/2021\/11\/cropped-Studio22_logo_musta-2.png\",\"width\":512,\"height\":512,\"caption\":\"Studio22\"},\"image\":{\"@id\":\"https:\/\/studioharris.fi\/#logo\"}},{\"@type\":\"WebSite\",\"@id\":\"https:\/\/studioharris.fi\/#website\",\"url\":\"https:\/\/studioharris.fi\/\",\"name\":\"Studio22\",\"description\":\"Kampaamo Kotkan Kantasatamassa\",\"publisher\":{\"@id\":\"https:\/\/studioharris.fi\/#organization\"},\"potentialAction\":[{\"@type\":\"SearchAction\",\"target\":{\"@type\":\"EntryPoint\",\"urlTemplate\":\"https:\/\/studioharris.fi\/?s={search_term_string}\"},\"query-input\":\"required name=search_term_string\"}],\"inLanguage\":\"fi\"},{\"@type\":\"WebPage\",\"@id\":\"https:\/\/studioharris.fi\/index.php\/palaute\/#webpage\",\"url\":\"https:\/\/studioharris.fi\/index.php\/palaute\/\",\"name\":\"Anna palautetta - Studio22\",\"isPartOf\":{\"@id\":\"https:\/\/studioharris.fi\/#website\"},\"datePublished\":\"2023-12-14T08:25:26+00:00\",\"dateModified\":\"2023-12-20T07:45:53+00:00\",\"breadcrumb\":{\"@id\":\"https:\/\/studioharris.fi\/index.php\/palaute\/#breadcrumb\"},\"inLanguage\":\"fi\",\"potentialAction\":[{\"@type\":\"ReadAction\",\"target\":[\"https:\/\/studioharris.fi\/index.php\/palaute\/\"]}]},{\"@type\":\"BreadcrumbList\",\"@id\":\"https:\/\/studioharris.fi\/index.php\/palaute\/#breadcrumb\",\"itemListElement\":[{\"@type\":\"ListItem\",\"position\":1,\"name\":\"Etusivu\",\"item\":\"https:\/\/studioharris.fi\/\"},{\"@type\":\"ListItem\",\"position\":2,\"name\":\"Anna palautetta\"}]}]}<\/script>\n<!-- \/ Yoast SEO plugin. -->","yoast_head_json":{"title":"Anna palautetta - Studio22","robots":{"index":"index","follow":"follow","max-snippet":"max-snippet:-1","max-image-preview":"max-image-preview:large","max-video-preview":"max-video-preview:-1"},"canonical":"https:\/\/studioharris.fi\/index.php\/palaute\/","og_locale":"fi_FI","og_type":"article","og_title":"Anna palautetta - Studio22","og_description":"Anna palautetta","og_url":"https:\/\/studioharris.fi\/index.php\/palaute\/","og_site_name":"Studio22","article_publisher":"https:\/\/www.facebook.com\/hairbymmaliiya\/","article_modified_time":"2023-12-20T07:45:53+00:00","twitter_card":"summary_large_image","twitter_misc":{"Arvioitu lukuaika":"1 minuutti"},"schema":{"@context":"https:\/\/schema.org","@graph":[{"@type":"Organization","@id":"https:\/\/studioharris.fi\/#organization","name":"Studio22","url":"https:\/\/studioharris.fi\/","sameAs":["https:\/\/www.facebook.com\/hairbymmaliiya\/","https:\/\/www.instagram.com\/hairbymmaliiya\/"],"logo":{"@type":"ImageObject","@id":"https:\/\/studioharris.fi\/#logo","inLanguage":"fi","url":"https:\/\/studioharris.fi\/wp-content\/uploads\/2021\/11\/cropped-Studio22_logo_musta-2.png","contentUrl":"https:\/\/studioharris.fi\/wp-content\/uploads\/2021\/11\/cropped-Studio22_logo_musta-2.png","width":512,"height":512,"caption":"Studio22"},"image":{"@id":"https:\/\/studioharris.fi\/#logo"}},{"@type":"WebSite","@id":"https:\/\/studioharris.fi\/#website","url":"https:\/\/studioharris.fi\/","name":"Studio22","description":"Kampaamo Kotkan Kantasatamassa","publisher":{"@id":"https:\/\/studioharris.fi\/#organization"},"potentialAction":[{"@type":"SearchAction","target":{"@type":"EntryPoint","urlTemplate":"https:\/\/studioharris.fi\/?s={search_term_string}"},"query-input":"required name=search_term_string"}],"inLanguage":"fi"},{"@type":"WebPage","@id":"https:\/\/studioharris.fi\/index.php\/palaute\/#webpage","url":"https:\/\/studioharris.fi\/index.php\/palaute\/","name":"Anna palautetta - Studio22","isPartOf":{"@id":"https:\/\/studioharris.fi\/#website"},"datePublished":"2023-12-14T08:25:26+00:00","dateModified":"2023-12-20T07:45:53+00:00","breadcrumb":{"@id":"https:\/\/studioharris.fi\/index.php\/palaute\/#breadcrumb"},"inLanguage":"fi","potentialAction":[{"@type":"ReadAction","target":["https:\/\/studioharris.fi\/index.php\/palaute\/"]}]},{"@type":"BreadcrumbList","@id":"https:\/\/studioharris.fi\/index.php\/palaute\/#breadcrumb","itemListElement":[{"@type":"ListItem","position":1,"name":"Etusivu","item":"https:\/\/studioharris.fi\/"},{"@type":"ListItem","position":2,"name":"Anna palautetta"}]}]}},"_links":{"self":[{"href":"https:\/\/studioharris.fi\/index.php\/wp-json\/wp\/v2\/pages\/502"}],"collection":[{"href":"https:\/\/studioharris.fi\/index.php\/wp-json\/wp\/v2\/pages"}],"about":[{"href":"https:\/\/studioharris.fi\/index.php\/wp-json\/wp\/v2\/types\/page"}],"author":[{"embeddable":true,"href":"https:\/\/studioharris.fi\/index.php\/wp-json\/wp\/v2\/users\/1"}],"replies":[{"embeddable":true,"href":"https:\/\/studioharris.fi\/index.php\/wp-json\/wp\/v2\/comments?post=502"}],"version-history":[{"count":10,"href":"https:\/\/studioharris.fi\/index.php\/wp-json\/wp\/v2\/pages\/502\/revisions"}],"predecessor-version":[{"id":533,"href":"https:\/\/studioharris.fi\/index.php\/wp-json\/wp\/v2\/pages\/502\/revisions\/533"}],"wp:attachment":[{"href":"https:\/\/studioharris.fi\/index.php\/wp-json\/wp\/v2\/media?parent=502"}],"curies":[{"name":"wp","href":"https:\/\/api.w.org\/{rel}","templated":true}]}}