{"id":54,"date":"2021-10-31T11:03:54","date_gmt":"2021-10-31T11:03:54","guid":{"rendered":"https:\/\/studioharris.fi\/?page_id=54"},"modified":"2025-07-01T16:22:36","modified_gmt":"2025-07-01T16:22:36","slug":"hinnasto-ajanvaraus","status":"publish","type":"page","link":"https:\/\/studioharris.fi\/index.php\/hinnasto-ajanvaraus\/","title":{"rendered":"Hinnasto\/ajanvaraus"},"content":{"rendered":"\t\t<div data-elementor-type=\"wp-page\" data-elementor-id=\"54\" class=\"elementor elementor-54\" data-elementor-settings=\"[]\">\n\t\t\t\t\t\t\t<div class=\"elementor-section-wrap\">\n\t\t\t\t\t\t\t<section class=\"elementor-section elementor-top-section elementor-element elementor-element-7229616e elementor-section-boxed elementor-section-height-default elementor-section-height-default wpr-particle-no wpr-jarallax-no wpr-parallax-no wpr-sticky-section-no\" data-id=\"7229616e\" data-element_type=\"section\">\n\t\t\t\t\t\t<div class=\"elementor-container elementor-column-gap-default\">\n\t\t\t\t\t<div class=\"elementor-column elementor-col-100 elementor-top-column elementor-element elementor-element-7ab17049\" data-id=\"7ab17049\" data-element_type=\"column\">\n\t\t\t<div class=\"elementor-widget-wrap elementor-element-populated\">\n\t\t\t\t\t\t\t\t<div class=\"elementor-element elementor-element-109110e0 elementor-widget elementor-widget-text-editor\" data-id=\"109110e0\" data-element_type=\"widget\" data-widget_type=\"text-editor.default\">\n\t\t\t\t<div class=\"elementor-widget-container\">\n\t\t\t\t\t\t\t<div id=\"toinenotsikko\">\n<p><!-- wp:cover {\"url\":\"https:\/\/studioharris.fi\/wp-content\/uploads\/2021\/11\/asiakaspaikka.jpeg\",\"id\":213,\"dimRatio\":0,\"contentPosition\":\"center center\",\"align\":\"center\",\"style\":{\"color\":{}}} --><\/p>\n<div class=\"wp-block-cover aligncenter\"><img loading=\"lazy\" class=\"wp-block-cover__image-background aligncenter wp-image-595 size-full\" src=\"https:\/\/studioharris.fi\/wp-content\/uploads\/2025\/07\/Ajanvaraus.jpeg\" alt=\"\" width=\"1284\" height=\"1917\" data-object-fit=\"cover\" srcset=\"https:\/\/studioharris.fi\/wp-content\/uploads\/2025\/07\/Ajanvaraus.jpeg 1284w, https:\/\/studioharris.fi\/wp-content\/uploads\/2025\/07\/Ajanvaraus-201x300.jpeg 201w, https:\/\/studioharris.fi\/wp-content\/uploads\/2025\/07\/Ajanvaraus-686x1024.jpeg 686w, https:\/\/studioharris.fi\/wp-content\/uploads\/2025\/07\/Ajanvaraus-768x1147.jpeg 768w, https:\/\/studioharris.fi\/wp-content\/uploads\/2025\/07\/Ajanvaraus-1029x1536.jpeg 1029w, https:\/\/studioharris.fi\/wp-content\/uploads\/2025\/07\/Ajanvaraus-1140x1702.jpeg 1140w\" sizes=\"(max-width: 1284px) 100vw, 1284px\" \/><\/div>\n<p><!-- \/wp:cover --><!-- wp:buttons {\"contentJustification\":\"center\"} --><\/p>\n<div class=\"wp-block-buttons is-content-justification-center\">\n<p><!-- wp:button {\"style\":{\"color\":{\"background\":\"#9ea485\"},\"border\":{\"radius\":0}}} --><\/p>\n<div class=\"wp-block-button\"><a id=\"varaa-aika-toinen\" class=\"wp-block-button__link has-background no-border-radius\" style=\"background-color: #9ea485;\" href=\"https:\/\/studioharris.fi\/index.php\/hinnasto-ajanvaraus\/#varaa-aika\">Varaa aika<\/a><\/div>\n<p><!-- \/wp:button --><\/p>\n<\/div>\n<p><!-- \/wp:buttons --><\/p>\n<\/div>\n<p><!-- wp:heading {\"textAlign\":\"center\"} --><\/p>\n<h2 class=\"has-text-align-center\">Palveluhinnasto<\/h2>\n<p><!-- \/wp:heading --><!-- wp:paragraph {\"align\":\"center\"} --><\/p>\n<ul>\n<li class=\"has-text-align-center palveluhinnasto\">Hiustenleikkuut alk. 35-97\u20ac<\/li>\n<li class=\"has-text-align-center palveluhinnasto\">V\u00e4rit alk. 85-155\u20ac<\/li>\n<li class=\"has-text-align-center palveluhinnasto\">V\u00e4ri- ja leikkuupaketit alk. 140-222\u20ac<\/li>\n<li class=\"has-text-align-center palveluhinnasto\">Vaalennus- sek\u00e4 raidoitusty\u00f6t alk. 155-320\u20ac<\/li>\n<\/ul>\n<h4 class=\"has-text-align-center palveluhinnasto\">HIUSTEN HOIDOT<\/h4>\n<ul>\n<li class=\"has-text-align-center palveluhinnasto\">Authentic Beauty Concept alk. 25-55\u20ac<\/li>\n<li class=\"has-text-align-center palveluhinnasto\">K18 Peptide hiushoito alk. 10-30\u20ac<\/li>\n<\/ul>\n<p><!-- \/wp:paragraph --><!-- wp:paragraph {\"align\":\"center\"} --><\/p>\n<p class=\"has-text-align-center\">PALVELUHINNAT PERUSTUVAT TUNTIVELOITUKSEEN 75\u20ac \/ H<\/p>\n<p><!-- \/wp:paragraph --><!-- wp:paragraph {\"align\":\"center\"} --><\/p>\n<p class=\"has-text-align-center\">Kampaus- sek\u00e4 pidennyspalvelut perustuvat tuntiveloitukseen alk. 90\u20ac\/h<br \/>Palvelu sis\u00e4lt\u00e4\u00e4 konsultaation sek\u00e4 Goodie Bagin!<\/p>\n<p><!-- \/wp:paragraph --><!-- wp:paragraph {\"align\":\"center\"} --><\/p>\n<p class=\"has-text-align-center\">Hinnat ovat alkaen hintoja ja sis\u00e4lt\u00e4v\u00e4t Alv. 25,5%<\/p>\n<p><!-- \/wp:paragraph --><!-- wp:spacer {\"height\":30} --><\/p>\n<div class=\"wp-block-spacer\" style=\"height: 30px;\" aria-hidden=\"true\">\u00a0<\/div>\n<p><!-- \/wp:spacer --><!-- wp:separator {\"className\":\"is-style-default\"} --><\/p>\n<hr class=\"wp-block-separator is-style-default\" \/>\n<p><!-- \/wp:separator --><!-- wp:heading {\"textAlign\":\"center\"} --><\/p>\n<h2 class=\"has-text-align-center\">Tuotteet<\/h2>\n<p><!-- \/wp:heading --><!-- wp:heading {\"textAlign\":\"center\",\"level\":3} --><\/p>\n<h3 class=\"has-text-align-center\">Cutrin<\/h3>\n<p><!-- \/wp:heading --><!-- wp:paragraph {\"align\":\"center\"} --><\/p>\n<p class=\"has-text-align-center\">Cutrinin tuotteet on kehitetty ja testattu Suomessa. Tuotteet saavat voimansa kest\u00e4vill\u00e4 tavoilla ker\u00e4tyist\u00e4 pohjoisen luonnon raaka-aineista. 100% vegaaninen sek\u00e4 Allergia- ja Astmaliiton hyv\u00e4ksym\u00e4 sarja takaa kuluttajalle vastuullisen ja kest\u00e4v\u00e4n valinnan.<\/p>\n<p><!-- \/wp:paragraph --><!-- wp:gallery {\"ids\":[230,231],\"linkTo\":\"none\",\"align\":\"center\"} --><\/p>\n<figure class=\"wp-block-gallery aligncenter columns-2 is-cropped\">\n<ul class=\"blocks-gallery-grid\">\n<li class=\"blocks-gallery-item\">\n<figure><img loading=\"lazy\" width=\"700\" height=\"700\" class=\"wp-image-230\" src=\"https:\/\/studioharris.fi\/wp-content\/uploads\/2021\/11\/ainoa.jpeg\" alt=\"\" data-id=\"230\" data-full-url=\"https:\/\/studioharris.fi\/wp-content\/uploads\/2021\/11\/ainoa.jpeg\" data-link=\"https:\/\/studioharris.fi\/index.php\/hinnasto-ajanvaraus\/ainoa\/\" srcset=\"https:\/\/studioharris.fi\/wp-content\/uploads\/2021\/11\/ainoa.jpeg 700w, https:\/\/studioharris.fi\/wp-content\/uploads\/2021\/11\/ainoa-300x300.jpeg 300w, https:\/\/studioharris.fi\/wp-content\/uploads\/2021\/11\/ainoa-150x150.jpeg 150w, https:\/\/studioharris.fi\/wp-content\/uploads\/2021\/11\/ainoa-75x75.jpeg 75w\" sizes=\"(max-width: 700px) 100vw, 700px\" \/><\/figure>\n<\/li>\n<li class=\"blocks-gallery-item\">\n<figure><img loading=\"lazy\" width=\"399\" height=\"477\" class=\"wp-image-231\" src=\"https:\/\/studioharris.fi\/wp-content\/uploads\/2021\/11\/vehna\u0308.png\" alt=\"\" data-id=\"231\" data-full-url=\"https:\/\/studioharris.fi\/wp-content\/uploads\/2021\/11\/vehna\u0308.png\" data-link=\"https:\/\/studioharris.fi\/index.php\/hinnasto-ajanvaraus\/vehna%cc%88\/\" srcset=\"https:\/\/studioharris.fi\/wp-content\/uploads\/2021\/11\/vehna\u0308.png 399w, https:\/\/studioharris.fi\/wp-content\/uploads\/2021\/11\/vehna\u0308-251x300.png 251w\" sizes=\"(max-width: 399px) 100vw, 399px\" \/><\/figure>\n<\/li>\n<\/ul>\n<\/figure>\n<p><!-- \/wp:gallery --><!-- wp:heading {\"textAlign\":\"center\",\"level\":3} --><\/p>\n<h3 class=\"has-text-align-center\">Authentic Beauty Concept<\/h3>\n<p><!-- \/wp:heading --><!-- wp:paragraph {\"align\":\"center\"} --><\/p>\n<p class=\"has-text-align-center\">Authentic Beauty Concept on saksalainen selektiivinen hoitosarja. <br \/>Sarjassa korostuu puhtaus, yksinkertaisuus ja rehellisyys. Tuoteperhe tarjoaa hoito-, muotoilu- sek\u00e4 viimeistelytuotteet.<\/p>\n<p class=\"has-text-align-center\">100% vegaaninen, silikoniton, parabeeniton.<\/p>\n<p><!-- \/wp:paragraph --><!-- wp:image {\"align\":\"center\",\"id\":222,\"sizeSlug\":\"full\",\"linkDestination\":\"none\"} --><\/p>\n<div class=\"wp-block-image\">\n<figure class=\"aligncenter size-full\"><img loading=\"lazy\" width=\"640\" height=\"640\" class=\"wp-image-222\" src=\"https:\/\/studioharris.fi\/wp-content\/uploads\/2021\/11\/Authentic-beauty-concept.jpeg\" alt=\"\" srcset=\"https:\/\/studioharris.fi\/wp-content\/uploads\/2021\/11\/Authentic-beauty-concept.jpeg 640w, https:\/\/studioharris.fi\/wp-content\/uploads\/2021\/11\/Authentic-beauty-concept-300x300.jpeg 300w, https:\/\/studioharris.fi\/wp-content\/uploads\/2021\/11\/Authentic-beauty-concept-150x150.jpeg 150w, https:\/\/studioharris.fi\/wp-content\/uploads\/2021\/11\/Authentic-beauty-concept-75x75.jpeg 75w\" sizes=\"(max-width: 640px) 100vw, 640px\" \/><\/figure>\n<p><img loading=\"lazy\" class=\"alignnone wp-image-568 size-full\" src=\"https:\/\/studioharris.fi\/wp-content\/uploads\/2025\/07\/Studio22_2025-5.jpeg\" alt=\"\" width=\"1066\" height=\"1600\" srcset=\"https:\/\/studioharris.fi\/wp-content\/uploads\/2025\/07\/Studio22_2025-5.jpeg 1066w, https:\/\/studioharris.fi\/wp-content\/uploads\/2025\/07\/Studio22_2025-5-200x300.jpeg 200w, https:\/\/studioharris.fi\/wp-content\/uploads\/2025\/07\/Studio22_2025-5-682x1024.jpeg 682w, https:\/\/studioharris.fi\/wp-content\/uploads\/2025\/07\/Studio22_2025-5-768x1153.jpeg 768w, https:\/\/studioharris.fi\/wp-content\/uploads\/2025\/07\/Studio22_2025-5-1023x1536.jpeg 1023w\" sizes=\"(max-width: 1066px) 100vw, 1066px\" \/><\/p>\n<\/div>\n<p><!-- \/wp:image --><!-- wp:separator {\"className\":\"is-style-default\"} --><\/p>\n<hr class=\"wp-block-separator is-style-default\" \/>\n<p><!-- \/wp:separator --><!-- wp:heading {\"textAlign\":\"center\"} --><\/p>\n<h2 id=\"varaa-aika\" class=\"has-text-align-center\">Varaa aika<\/h2>\n<p><!-- \/wp:heading --><!-- wp:html --><\/p>\n<p><iframe id=\"reservationIframe40580\" style=\"overflow: hidden; height: 674px;\" src=\"https:\/\/varaa.timma.fi\/reservation\/studio22\" width=\"100%\" frameborder=\"0\" scrolling=\"no\"><\/iframe><script src=\"https:\/\/cdnjs.cloudflare.com\/ajax\/libs\/iframe-resizer\/2.8.3\/iframeResizer.min.js\"><\/script><script type=\"text\/javascript\">iFrameResize({checkOrigin: false}, '#reservationIframe40580');<\/script><\/p>\n<p><!-- \/wp:html --><!-- wp:spacer --><\/p>\n<div class=\"wp-block-spacer\" style=\"height: 100px;\" aria-hidden=\"true\">\u00a0<\/div>\n<p><!-- \/wp:spacer --><\/p>\t\t\t\t\t\t<\/div>\n\t\t\t\t<\/div>\n\t\t\t\t\t<\/div>\n\t\t<\/div>\n\t\t\t\t\t\t\t<\/div>\n\t\t<\/section>\n\t\t\t\t\t\t<\/div>\n\t\t\t\t\t<\/div>\n\t\t","protected":false},"excerpt":{"rendered":"<p>Palveluhinnasto Hiustenleikkuut alk. 35-97\u20ac V\u00e4rit alk. 85-155\u20ac V\u00e4ri- ja leikkuupaketit alk. 140-222\u20ac Vaalennus- sek\u00e4 raidoitusty\u00f6t alk. 155-320\u20ac HIUSTEN HOIDOT Authentic Beauty Concept alk. 25-55\u20ac K18 Peptide hiushoito alk. 10-30\u20ac PALVELUHINNAT PERUSTUVAT TUNTIVELOITUKSEEN 75\u20ac \/ H Kampaus- sek\u00e4 pidennyspalvelut perustuvat tuntiveloitukseen alk. 90\u20ac\/hPalvelu sis\u00e4lt\u00e4\u00e4 konsultaation sek\u00e4 Goodie Bagin! Hinnat ovat alkaen hintoja ja sis\u00e4lt\u00e4v\u00e4t Alv. 25,5% Tuotteet Cutrin Cutrinin tuotteet on kehitetty ja testattu Suomessa. Tuotteet saavat voimansa kest\u00e4vill\u00e4 tavoilla ker\u00e4tyist\u00e4 pohjoisen luonnon raaka-aineista. 100% vegaaninen sek\u00e4 Allergia- ja Astmaliiton hyv\u00e4ksym\u00e4 sarja takaa kuluttajalle vastuullisen ja kest\u00e4v\u00e4n valinnan. Authentic Beauty Concept Authentic Beauty Concept on saksalainen selektiivinen hoitosarja. Sarjassa korostuu puhtaus, yksinkertaisuus ja rehellisyys. Tuoteperhe tarjoaa hoito-, muotoilu- sek\u00e4 viimeistelytuotteet. 100% vegaaninen, silikoniton, parabeeniton. Varaa aika<\/p>\n","protected":false},"author":1,"featured_media":0,"parent":0,"menu_order":0,"comment_status":"closed","ping_status":"closed","template":"","meta":[],"yoast_head":"<!-- This site is optimized with the Yoast SEO plugin v17.7.1 - https:\/\/yoast.com\/wordpress\/plugins\/seo\/ -->\n<title>Hinnasto\/ajanvaraus - Studio22<\/title>\n<meta name=\"robots\" content=\"index, follow, max-snippet:-1, max-image-preview:large, max-video-preview:-1\" \/>\n<link rel=\"canonical\" href=\"https:\/\/studioharris.fi\/index.php\/hinnasto-ajanvaraus\/\" \/>\n<meta property=\"og:locale\" content=\"fi_FI\" \/>\n<meta property=\"og:type\" content=\"article\" \/>\n<meta property=\"og:title\" content=\"Hinnasto\/ajanvaraus - Studio22\" \/>\n<meta property=\"og:description\" content=\"Palveluhinnasto Hiustenleikkuut alk. 35-97\u20ac V\u00e4rit alk. 85-155\u20ac V\u00e4ri- ja leikkuupaketit alk. 140-222\u20ac Vaalennus- sek\u00e4 raidoitusty\u00f6t alk. 155-320\u20ac HIUSTEN HOIDOT Authentic Beauty Concept alk. 25-55\u20ac K18 Peptide hiushoito alk. 10-30\u20ac PALVELUHINNAT PERUSTUVAT TUNTIVELOITUKSEEN 75\u20ac \/ H Kampaus- sek\u00e4 pidennyspalvelut perustuvat tuntiveloitukseen alk. 90\u20ac\/hPalvelu sis\u00e4lt\u00e4\u00e4 konsultaation sek\u00e4 Goodie Bagin! Hinnat ovat alkaen hintoja ja sis\u00e4lt\u00e4v\u00e4t Alv. 25,5% Tuotteet Cutrin Cutrinin tuotteet on kehitetty ja testattu Suomessa. Tuotteet saavat voimansa kest\u00e4vill\u00e4 tavoilla ker\u00e4tyist\u00e4 pohjoisen luonnon raaka-aineista. 100% vegaaninen sek\u00e4 Allergia- ja Astmaliiton hyv\u00e4ksym\u00e4 sarja takaa kuluttajalle vastuullisen ja kest\u00e4v\u00e4n valinnan. Authentic Beauty Concept Authentic Beauty Concept on saksalainen selektiivinen hoitosarja. Sarjassa korostuu puhtaus, yksinkertaisuus ja rehellisyys. Tuoteperhe tarjoaa hoito-, muotoilu- sek\u00e4 viimeistelytuotteet. 100% vegaaninen, silikoniton, parabeeniton. Varaa aika\" \/>\n<meta property=\"og:url\" content=\"https:\/\/studioharris.fi\/index.php\/hinnasto-ajanvaraus\/\" \/>\n<meta property=\"og:site_name\" content=\"Studio22\" \/>\n<meta property=\"article:publisher\" content=\"https:\/\/www.facebook.com\/hairbymmaliiya\/\" \/>\n<meta property=\"article:modified_time\" content=\"2025-07-01T16:22:36+00:00\" \/>\n<meta property=\"og:image\" content=\"https:\/\/studioharris.fi\/wp-content\/uploads\/2025\/07\/Ajanvaraus.jpeg\" \/>\n<meta name=\"twitter:card\" content=\"summary_large_image\" \/>\n<meta name=\"twitter:label1\" content=\"Arvioitu lukuaika\" \/>\n\t<meta name=\"twitter:data1\" content=\"2 minuuttia\" \/>\n<script type=\"application\/ld+json\" class=\"yoast-schema-graph\">{\"@context\":\"https:\/\/schema.org\",\"@graph\":[{\"@type\":\"Organization\",\"@id\":\"https:\/\/studioharris.fi\/#organization\",\"name\":\"Studio22\",\"url\":\"https:\/\/studioharris.fi\/\",\"sameAs\":[\"https:\/\/www.facebook.com\/hairbymmaliiya\/\",\"https:\/\/www.instagram.com\/hairbymmaliiya\/\"],\"logo\":{\"@type\":\"ImageObject\",\"@id\":\"https:\/\/studioharris.fi\/#logo\",\"inLanguage\":\"fi\",\"url\":\"https:\/\/studioharris.fi\/wp-content\/uploads\/2021\/11\/cropped-Studio22_logo_musta-2.png\",\"contentUrl\":\"https:\/\/studioharris.fi\/wp-content\/uploads\/2021\/11\/cropped-Studio22_logo_musta-2.png\",\"width\":512,\"height\":512,\"caption\":\"Studio22\"},\"image\":{\"@id\":\"https:\/\/studioharris.fi\/#logo\"}},{\"@type\":\"WebSite\",\"@id\":\"https:\/\/studioharris.fi\/#website\",\"url\":\"https:\/\/studioharris.fi\/\",\"name\":\"Studio22\",\"description\":\"Kampaamo Kotkan Kantasatamassa\",\"publisher\":{\"@id\":\"https:\/\/studioharris.fi\/#organization\"},\"potentialAction\":[{\"@type\":\"SearchAction\",\"target\":{\"@type\":\"EntryPoint\",\"urlTemplate\":\"https:\/\/studioharris.fi\/?s={search_term_string}\"},\"query-input\":\"required name=search_term_string\"}],\"inLanguage\":\"fi\"},{\"@type\":\"ImageObject\",\"@id\":\"https:\/\/studioharris.fi\/index.php\/hinnasto-ajanvaraus\/#primaryimage\",\"inLanguage\":\"fi\",\"url\":\"https:\/\/studioharris.fi\/wp-content\/uploads\/2025\/07\/Ajanvaraus.jpeg\",\"contentUrl\":\"https:\/\/studioharris.fi\/wp-content\/uploads\/2025\/07\/Ajanvaraus.jpeg\",\"width\":1284,\"height\":1917},{\"@type\":\"WebPage\",\"@id\":\"https:\/\/studioharris.fi\/index.php\/hinnasto-ajanvaraus\/#webpage\",\"url\":\"https:\/\/studioharris.fi\/index.php\/hinnasto-ajanvaraus\/\",\"name\":\"Hinnasto\/ajanvaraus - Studio22\",\"isPartOf\":{\"@id\":\"https:\/\/studioharris.fi\/#website\"},\"primaryImageOfPage\":{\"@id\":\"https:\/\/studioharris.fi\/index.php\/hinnasto-ajanvaraus\/#primaryimage\"},\"datePublished\":\"2021-10-31T11:03:54+00:00\",\"dateModified\":\"2025-07-01T16:22:36+00:00\",\"breadcrumb\":{\"@id\":\"https:\/\/studioharris.fi\/index.php\/hinnasto-ajanvaraus\/#breadcrumb\"},\"inLanguage\":\"fi\",\"potentialAction\":[{\"@type\":\"ReadAction\",\"target\":[\"https:\/\/studioharris.fi\/index.php\/hinnasto-ajanvaraus\/\"]}]},{\"@type\":\"BreadcrumbList\",\"@id\":\"https:\/\/studioharris.fi\/index.php\/hinnasto-ajanvaraus\/#breadcrumb\",\"itemListElement\":[{\"@type\":\"ListItem\",\"position\":1,\"name\":\"Etusivu\",\"item\":\"https:\/\/studioharris.fi\/\"},{\"@type\":\"ListItem\",\"position\":2,\"name\":\"Hinnasto\/ajanvaraus\"}]}]}<\/script>\n<!-- \/ Yoast SEO plugin. -->","yoast_head_json":{"title":"Hinnasto\/ajanvaraus - Studio22","robots":{"index":"index","follow":"follow","max-snippet":"max-snippet:-1","max-image-preview":"max-image-preview:large","max-video-preview":"max-video-preview:-1"},"canonical":"https:\/\/studioharris.fi\/index.php\/hinnasto-ajanvaraus\/","og_locale":"fi_FI","og_type":"article","og_title":"Hinnasto\/ajanvaraus - Studio22","og_description":"Palveluhinnasto Hiustenleikkuut alk. 35-97\u20ac V\u00e4rit alk. 85-155\u20ac V\u00e4ri- ja leikkuupaketit alk. 140-222\u20ac Vaalennus- sek\u00e4 raidoitusty\u00f6t alk. 155-320\u20ac HIUSTEN HOIDOT Authentic Beauty Concept alk. 25-55\u20ac K18 Peptide hiushoito alk. 10-30\u20ac PALVELUHINNAT PERUSTUVAT TUNTIVELOITUKSEEN 75\u20ac \/ H Kampaus- sek\u00e4 pidennyspalvelut perustuvat tuntiveloitukseen alk. 90\u20ac\/hPalvelu sis\u00e4lt\u00e4\u00e4 konsultaation sek\u00e4 Goodie Bagin! Hinnat ovat alkaen hintoja ja sis\u00e4lt\u00e4v\u00e4t Alv. 25,5% Tuotteet Cutrin Cutrinin tuotteet on kehitetty ja testattu Suomessa. Tuotteet saavat voimansa kest\u00e4vill\u00e4 tavoilla ker\u00e4tyist\u00e4 pohjoisen luonnon raaka-aineista. 100% vegaaninen sek\u00e4 Allergia- ja Astmaliiton hyv\u00e4ksym\u00e4 sarja takaa kuluttajalle vastuullisen ja kest\u00e4v\u00e4n valinnan. Authentic Beauty Concept Authentic Beauty Concept on saksalainen selektiivinen hoitosarja. Sarjassa korostuu puhtaus, yksinkertaisuus ja rehellisyys. Tuoteperhe tarjoaa hoito-, muotoilu- sek\u00e4 viimeistelytuotteet. 100% vegaaninen, silikoniton, parabeeniton. Varaa aika","og_url":"https:\/\/studioharris.fi\/index.php\/hinnasto-ajanvaraus\/","og_site_name":"Studio22","article_publisher":"https:\/\/www.facebook.com\/hairbymmaliiya\/","article_modified_time":"2025-07-01T16:22:36+00:00","og_image":[{"url":"https:\/\/studioharris.fi\/wp-content\/uploads\/2025\/07\/Ajanvaraus.jpeg"}],"twitter_card":"summary_large_image","twitter_misc":{"Arvioitu lukuaika":"2 minuuttia"},"schema":{"@context":"https:\/\/schema.org","@graph":[{"@type":"Organization","@id":"https:\/\/studioharris.fi\/#organization","name":"Studio22","url":"https:\/\/studioharris.fi\/","sameAs":["https:\/\/www.facebook.com\/hairbymmaliiya\/","https:\/\/www.instagram.com\/hairbymmaliiya\/"],"logo":{"@type":"ImageObject","@id":"https:\/\/studioharris.fi\/#logo","inLanguage":"fi","url":"https:\/\/studioharris.fi\/wp-content\/uploads\/2021\/11\/cropped-Studio22_logo_musta-2.png","contentUrl":"https:\/\/studioharris.fi\/wp-content\/uploads\/2021\/11\/cropped-Studio22_logo_musta-2.png","width":512,"height":512,"caption":"Studio22"},"image":{"@id":"https:\/\/studioharris.fi\/#logo"}},{"@type":"WebSite","@id":"https:\/\/studioharris.fi\/#website","url":"https:\/\/studioharris.fi\/","name":"Studio22","description":"Kampaamo Kotkan Kantasatamassa","publisher":{"@id":"https:\/\/studioharris.fi\/#organization"},"potentialAction":[{"@type":"SearchAction","target":{"@type":"EntryPoint","urlTemplate":"https:\/\/studioharris.fi\/?s={search_term_string}"},"query-input":"required name=search_term_string"}],"inLanguage":"fi"},{"@type":"ImageObject","@id":"https:\/\/studioharris.fi\/index.php\/hinnasto-ajanvaraus\/#primaryimage","inLanguage":"fi","url":"https:\/\/studioharris.fi\/wp-content\/uploads\/2025\/07\/Ajanvaraus.jpeg","contentUrl":"https:\/\/studioharris.fi\/wp-content\/uploads\/2025\/07\/Ajanvaraus.jpeg","width":1284,"height":1917},{"@type":"WebPage","@id":"https:\/\/studioharris.fi\/index.php\/hinnasto-ajanvaraus\/#webpage","url":"https:\/\/studioharris.fi\/index.php\/hinnasto-ajanvaraus\/","name":"Hinnasto\/ajanvaraus - Studio22","isPartOf":{"@id":"https:\/\/studioharris.fi\/#website"},"primaryImageOfPage":{"@id":"https:\/\/studioharris.fi\/index.php\/hinnasto-ajanvaraus\/#primaryimage"},"datePublished":"2021-10-31T11:03:54+00:00","dateModified":"2025-07-01T16:22:36+00:00","breadcrumb":{"@id":"https:\/\/studioharris.fi\/index.php\/hinnasto-ajanvaraus\/#breadcrumb"},"inLanguage":"fi","potentialAction":[{"@type":"ReadAction","target":["https:\/\/studioharris.fi\/index.php\/hinnasto-ajanvaraus\/"]}]},{"@type":"BreadcrumbList","@id":"https:\/\/studioharris.fi\/index.php\/hinnasto-ajanvaraus\/#breadcrumb","itemListElement":[{"@type":"ListItem","position":1,"name":"Etusivu","item":"https:\/\/studioharris.fi\/"},{"@type":"ListItem","position":2,"name":"Hinnasto\/ajanvaraus"}]}]}},"_links":{"self":[{"href":"https:\/\/studioharris.fi\/index.php\/wp-json\/wp\/v2\/pages\/54"}],"collection":[{"href":"https:\/\/studioharris.fi\/index.php\/wp-json\/wp\/v2\/pages"}],"about":[{"href":"https:\/\/studioharris.fi\/index.php\/wp-json\/wp\/v2\/types\/page"}],"author":[{"embeddable":true,"href":"https:\/\/studioharris.fi\/index.php\/wp-json\/wp\/v2\/users\/1"}],"replies":[{"embeddable":true,"href":"https:\/\/studioharris.fi\/index.php\/wp-json\/wp\/v2\/comments?post=54"}],"version-history":[{"count":74,"href":"https:\/\/studioharris.fi\/index.php\/wp-json\/wp\/v2\/pages\/54\/revisions"}],"predecessor-version":[{"id":598,"href":"https:\/\/studioharris.fi\/index.php\/wp-json\/wp\/v2\/pages\/54\/revisions\/598"}],"wp:attachment":[{"href":"https:\/\/studioharris.fi\/index.php\/wp-json\/wp\/v2\/media?parent=54"}],"curies":[{"name":"wp","href":"https:\/\/api.w.org\/{rel}","templated":true}]}}