{"id":56,"date":"2021-10-31T11:04:18","date_gmt":"2021-10-31T11:04:18","guid":{"rendered":"https:\/\/studioharris.fi\/?page_id=56"},"modified":"2025-07-01T16:17:47","modified_gmt":"2025-07-01T16:17:47","slug":"tiimi","status":"publish","type":"page","link":"https:\/\/studioharris.fi\/index.php\/tiimi\/","title":{"rendered":"Tiimi"},"content":{"rendered":"\t\t<div data-elementor-type=\"wp-page\" data-elementor-id=\"56\" class=\"elementor elementor-56\" data-elementor-settings=\"[]\">\n\t\t\t\t\t\t\t<div class=\"elementor-section-wrap\">\n\t\t\t\t\t\t\t<section class=\"elementor-section elementor-top-section elementor-element elementor-element-779e0dd7 elementor-section-boxed elementor-section-height-default elementor-section-height-default wpr-particle-no wpr-jarallax-no wpr-parallax-no wpr-sticky-section-no\" data-id=\"779e0dd7\" data-element_type=\"section\">\n\t\t\t\t\t\t<div class=\"elementor-container elementor-column-gap-default\">\n\t\t\t\t\t<div class=\"elementor-column elementor-col-100 elementor-top-column elementor-element elementor-element-2edaa24f\" data-id=\"2edaa24f\" data-element_type=\"column\">\n\t\t\t<div class=\"elementor-widget-wrap elementor-element-populated\">\n\t\t\t\t\t\t\t\t<div class=\"elementor-element elementor-element-2b286845 elementor-widget elementor-widget-text-editor\" data-id=\"2b286845\" data-element_type=\"widget\" data-widget_type=\"text-editor.default\">\n\t\t\t\t<div class=\"elementor-widget-container\">\n\t\t\t\t\t\t\t<p><!-- wp:video --><\/p>\n<figure class=\"wp-block-video\"><\/figure>\n<p><!-- \/wp:video --><\/p>\n<p><!-- wp:heading {\"textAlign\":\"center\",\"level\":1} --><\/p>\n<h1 class=\"has-text-align-center\">Tiimi<\/h1>\n<p><!-- \/wp:heading --><\/p>\n<p><!-- wp:media-text {\"mediaId\":314,\"mediaLink\":\"https:\/\/studioharris.fi\/index.php\/tiimi\/maria-2\/\",\"mediaType\":\"image\",\"mediaWidth\":60,\"imageFill\":false,\"style\":{\"color\":{\"background\":\"#7d7d5c\"}}} --><\/p>\n<div class=\"wp-block-media-text alignwide is-stacked-on-mobile has-background\" style=\"background-color: #7d7d5c; grid-template-columns: 60% auto;\">\n<figure class=\"wp-block-media-text__media\"><img loading=\"lazy\" class=\"alignnone wp-image-572 size-full\" src=\"https:\/\/studioharris.fi\/wp-content\/uploads\/2025\/07\/Studio22_2025-8.jpeg\" alt=\"\" width=\"1078\" height=\"1600\" srcset=\"https:\/\/studioharris.fi\/wp-content\/uploads\/2025\/07\/Studio22_2025-8.jpeg 1078w, https:\/\/studioharris.fi\/wp-content\/uploads\/2025\/07\/Studio22_2025-8-202x300.jpeg 202w, https:\/\/studioharris.fi\/wp-content\/uploads\/2025\/07\/Studio22_2025-8-690x1024.jpeg 690w, https:\/\/studioharris.fi\/wp-content\/uploads\/2025\/07\/Studio22_2025-8-768x1140.jpeg 768w, https:\/\/studioharris.fi\/wp-content\/uploads\/2025\/07\/Studio22_2025-8-1035x1536.jpeg 1035w\" sizes=\"(max-width: 1078px) 100vw, 1078px\" \/><\/figure>\n<div class=\"wp-block-media-text__content\">\n<p><!-- wp:heading {\"textColor\":\"white\"} --><\/p>\n<h2 class=\"has-white-color has-text-color\">\u00a0<\/h2>\n<h2 class=\"has-white-color has-text-color\">Maria<\/h2>\n<p><!-- \/wp:heading --><\/p>\n<p><!-- wp:paragraph {\"placeholder\":\"Sis\u00e4lt\u00f6...\",\"textColor\":\"white\",\"fontSize\":\"normal\"} --><\/p>\n<p><strong><em>\u00c4itiyslomalla &#8211; Palaan t\u00f6ihin vuoden 2026 alussa!<\/em><\/strong><\/p>\n<p class=\"has-white-color has-text-color has-normal-font-size\">Vuodesta 2008 olen toiminut erilaisissa projekteissa, tehnyt liikety\u00f6t\u00e4, ollut yritt\u00e4j\u00e4n\u00e4 sek\u00e4 ty\u00f6skennellyt ulkomailla.<\/p>\n<p class=\"has-white-color has-text-color has-normal-font-size\">Jatkuva kehitys ja itsens\u00e4 haastaminen sek\u00e4 vastuullisuus omassa tekemisess\u00e4 on t\u00e4rke\u00e4\u00e4.<\/p>\n<p class=\"has-white-color has-text-color has-normal-font-size\">Haluan tarjota jokaiselle asiakkaalleni laadukkaan ja huolellisen kampaamok\u00e4ynnin!<\/p>\n<p class=\"has-white-color has-text-color has-normal-font-size\">Mik\u00e4li sinulla her\u00e4si kysymyksi\u00e4 ja kaipaat konsultaatiota, Studio tarjoaa maksuttoman ajanvarauksen.<\/p>\n<p class=\"has-white-color has-text-color has-normal-font-size\">\u00a0<\/p>\n<p><!-- wp:buttons {\"contentJustification\":\"center\"} --><\/p>\n<div class=\"wp-block-buttons is-content-justification-left\">\n<p><!-- wp:button {\"style\":{\"color\":{\"background\":\"#9ea485\"},\"border\":{\"radius\":0}}} --><\/p>\n<div class=\"wp-block-button\"><a id=\"varaa-aika-kolmas\" class=\"wp-block-button__link has-background no-border-radius\" style=\"background-color: #9ea485;\" href=\"https:\/\/studioharris.fi\/index.php\/hinnasto-ajanvaraus\/#varaa-aika\">Varaa aika<\/a><\/div>\n<p><!-- \/wp:button --><\/p>\n<\/div>\n<p><!-- \/wp:buttons --><\/p>\n<p class=\"has-white-color has-text-color has-normal-font-size\">\u00a0<\/p>\n<p class=\"has-white-color has-text-color has-normal-font-size\">N\u00e4hd\u00e4\u00e4n Studiolla!<\/p>\n<p class=\"has-white-color has-text-color has-normal-font-size\">\u00a0<\/p>\n<p><!-- \/wp:paragraph --><\/p>\n<\/div>\n<\/div>\n<p><!-- \/wp:media-text --><\/p>\n<p><!-- wp:html --><!-- \/wp:paragraph --><\/p>\t\t\t\t\t\t<\/div>\n\t\t\t\t<\/div>\n\t\t\t\t<div class=\"elementor-element elementor-element-0df9c6a elementor-widget elementor-widget-text-editor\" data-id=\"0df9c6a\" data-element_type=\"widget\" data-widget_type=\"text-editor.default\">\n\t\t\t\t<div class=\"elementor-widget-container\">\n\t\t\t\t\t\t\t<p><!-- wp:video --><\/p>\n<figure class=\"wp-block-video\"><\/figure>\n<p><!-- \/wp:video --><\/p>\n<p><!-- wp:heading {\"textAlign\":\"center\",\"level\":1} --><\/p>\n<p><!-- \/wp:heading --><\/p>\n<p><!-- wp:media-text {\"mediaId\":314,\"mediaLink\":\"https:\/\/studioharris.fi\/index.php\/tiimi\/maria-2\/\",\"mediaType\":\"image\",\"mediaWidth\":60,\"imageFill\":false,\"style\":{\"color\":{\"background\":\"#7d7d5c\"}}} --><\/p>\n<div class=\"wp-block-media-text alignwide is-stacked-on-mobile has-background\" style=\"background-color: #7d7d5c; grid-template-columns: 60% auto;\">\n<figure class=\"wp-block-media-text__media\"><img loading=\"lazy\" class=\"alignnone wp-image-489 size-full\" src=\"https:\/\/studioharris.fi\/wp-content\/uploads\/2023\/04\/melissa.jpg\" alt=\"\" width=\"1000\" height=\"1333\" srcset=\"https:\/\/studioharris.fi\/wp-content\/uploads\/2023\/04\/melissa.jpg 1000w, https:\/\/studioharris.fi\/wp-content\/uploads\/2023\/04\/melissa-225x300.jpg 225w, https:\/\/studioharris.fi\/wp-content\/uploads\/2023\/04\/melissa-768x1024.jpg 768w\" sizes=\"(max-width: 1000px) 100vw, 1000px\" \/><\/figure>\n<div class=\"wp-block-media-text__content\">\n<h2 class=\"has-white-color has-text-color\">\u00a0<\/h2>\n<h2 class=\"has-white-color has-text-color\">Melissa<\/h2>\n<p class=\"has-white-color has-text-color has-normal-font-size\">Moi! Oon toiminut parturi-kampaaja yritt\u00e4j\u00e4n\u00e4 vuodesta 2013 asti. Tehnyt liiket\u00f6it\u00e4 Suomessa sek\u00e4 ulkomailla. Eniten ty\u00f6ss\u00e4ni pid\u00e4n vaihtelevuudesta ja monipuolisuudesta &#8211; jokainen p\u00e4iv\u00e4, jokainen asiakas ja jokainen hius on erilainen, joten pyrin ty\u00f6ss\u00e4ni tuomaan ihmisten parhaimmat puolet esiin!<\/p>\n<p class=\"has-white-color has-text-color has-normal-font-size\">\u00a0<\/p>\n<div class=\"wp-block-buttons is-content-justification-left\">\n<div class=\"wp-block-button\"><a id=\"varaa-aika-kolmas\" class=\"wp-block-button__link has-background no-border-radius\" style=\"background-color: #9ea485;\" href=\"https:\/\/studioharris.fi\/index.php\/hinnasto-ajanvaraus\/#varaa-aika\">Varaa aika<\/a><\/div>\n<\/div>\n<p class=\"has-white-color has-text-color has-normal-font-size\">\u00a0<\/p>\n<p class=\"has-white-color has-text-color has-normal-font-size\">N\u00e4hd\u00e4\u00e4n Studiolla!<\/p>\n<\/div>\n<\/div>\n<p><!-- \/wp:media-text --><\/p>\n<p><!-- wp:html --><!-- \/wp:paragraph --><\/p>\n<figure class=\"wp-block-media-text__media\"><img loading=\"lazy\" class=\"alignnone wp-image-574 size-full\" src=\"https:\/\/studioharris.fi\/wp-content\/uploads\/2025\/07\/Studio22_2025-4.jpeg\" alt=\"\" width=\"1077\" height=\"1600\" srcset=\"https:\/\/studioharris.fi\/wp-content\/uploads\/2025\/07\/Studio22_2025-4.jpeg 1077w, https:\/\/studioharris.fi\/wp-content\/uploads\/2025\/07\/Studio22_2025-4-202x300.jpeg 202w, https:\/\/studioharris.fi\/wp-content\/uploads\/2025\/07\/Studio22_2025-4-689x1024.jpeg 689w, https:\/\/studioharris.fi\/wp-content\/uploads\/2025\/07\/Studio22_2025-4-768x1141.jpeg 768w, https:\/\/studioharris.fi\/wp-content\/uploads\/2025\/07\/Studio22_2025-4-1034x1536.jpeg 1034w\" sizes=\"(max-width: 1077px) 100vw, 1077px\" \/><\/figure>\t\t\t\t\t\t<\/div>\n\t\t\t\t<\/div>\n\t\t\t\t\t<\/div>\n\t\t<\/div>\n\t\t\t\t\t\t\t<\/div>\n\t\t<\/section>\n\t\t\t\t\t\t<\/div>\n\t\t\t\t\t<\/div>\n\t\t","protected":false},"excerpt":{"rendered":"<p>Tiimi \u00a0 Melissa Moi! Oon toiminut parturi-kampaaja yritt\u00e4j\u00e4n\u00e4 vuodesta 2013 asti. Tehnyt liiket\u00f6it\u00e4 Suomessa sek\u00e4 ulkomailla. Eniten ty\u00f6ss\u00e4ni pid\u00e4n vaihtelevuudesta ja monipuolisuudesta &#8211; jokainen p\u00e4iv\u00e4, jokainen asiakas ja jokainen hius on erilainen, joten pyrin ty\u00f6ss\u00e4ni tuomaan ihmisten parhaimmat puolet esiin! \u00a0 Varaa aika \u00a0 N\u00e4hd\u00e4\u00e4n Studiolla!<\/p>\n","protected":false},"author":1,"featured_media":0,"parent":0,"menu_order":0,"comment_status":"closed","ping_status":"closed","template":"","meta":[],"yoast_head":"<!-- This site is optimized with the Yoast SEO plugin v17.7.1 - https:\/\/yoast.com\/wordpress\/plugins\/seo\/ -->\n<title>Tiimi - Studio22<\/title>\n<meta name=\"robots\" content=\"index, follow, max-snippet:-1, max-image-preview:large, max-video-preview:-1\" \/>\n<link rel=\"canonical\" href=\"https:\/\/studioharris.fi\/index.php\/tiimi\/\" \/>\n<meta property=\"og:locale\" content=\"fi_FI\" \/>\n<meta property=\"og:type\" content=\"article\" \/>\n<meta property=\"og:title\" content=\"Tiimi - Studio22\" \/>\n<meta property=\"og:description\" content=\"Tiimi \u00a0 Melissa Moi! Oon toiminut parturi-kampaaja yritt\u00e4j\u00e4n\u00e4 vuodesta 2013 asti. Tehnyt liiket\u00f6it\u00e4 Suomessa sek\u00e4 ulkomailla. Eniten ty\u00f6ss\u00e4ni pid\u00e4n vaihtelevuudesta ja monipuolisuudesta &#8211; jokainen p\u00e4iv\u00e4, jokainen asiakas ja jokainen hius on erilainen, joten pyrin ty\u00f6ss\u00e4ni tuomaan ihmisten parhaimmat puolet esiin! \u00a0 Varaa aika \u00a0 N\u00e4hd\u00e4\u00e4n Studiolla!\" \/>\n<meta property=\"og:url\" content=\"https:\/\/studioharris.fi\/index.php\/tiimi\/\" \/>\n<meta property=\"og:site_name\" content=\"Studio22\" \/>\n<meta property=\"article:publisher\" content=\"https:\/\/www.facebook.com\/hairbymmaliiya\/\" \/>\n<meta property=\"article:modified_time\" content=\"2025-07-01T16:17:47+00:00\" \/>\n<meta property=\"og:image\" content=\"https:\/\/studioharris.fi\/wp-content\/uploads\/2025\/07\/Studio22_2025-8.jpeg\" \/>\n<meta name=\"twitter:card\" content=\"summary_large_image\" \/>\n<meta name=\"twitter:label1\" content=\"Arvioitu lukuaika\" \/>\n\t<meta name=\"twitter:data1\" content=\"2 minuuttia\" \/>\n<script type=\"application\/ld+json\" class=\"yoast-schema-graph\">{\"@context\":\"https:\/\/schema.org\",\"@graph\":[{\"@type\":\"Organization\",\"@id\":\"https:\/\/studioharris.fi\/#organization\",\"name\":\"Studio22\",\"url\":\"https:\/\/studioharris.fi\/\",\"sameAs\":[\"https:\/\/www.facebook.com\/hairbymmaliiya\/\",\"https:\/\/www.instagram.com\/hairbymmaliiya\/\"],\"logo\":{\"@type\":\"ImageObject\",\"@id\":\"https:\/\/studioharris.fi\/#logo\",\"inLanguage\":\"fi\",\"url\":\"https:\/\/studioharris.fi\/wp-content\/uploads\/2021\/11\/cropped-Studio22_logo_musta-2.png\",\"contentUrl\":\"https:\/\/studioharris.fi\/wp-content\/uploads\/2021\/11\/cropped-Studio22_logo_musta-2.png\",\"width\":512,\"height\":512,\"caption\":\"Studio22\"},\"image\":{\"@id\":\"https:\/\/studioharris.fi\/#logo\"}},{\"@type\":\"WebSite\",\"@id\":\"https:\/\/studioharris.fi\/#website\",\"url\":\"https:\/\/studioharris.fi\/\",\"name\":\"Studio22\",\"description\":\"Kampaamo Kotkan Kantasatamassa\",\"publisher\":{\"@id\":\"https:\/\/studioharris.fi\/#organization\"},\"potentialAction\":[{\"@type\":\"SearchAction\",\"target\":{\"@type\":\"EntryPoint\",\"urlTemplate\":\"https:\/\/studioharris.fi\/?s={search_term_string}\"},\"query-input\":\"required name=search_term_string\"}],\"inLanguage\":\"fi\"},{\"@type\":\"ImageObject\",\"@id\":\"https:\/\/studioharris.fi\/index.php\/tiimi\/#primaryimage\",\"inLanguage\":\"fi\",\"url\":\"https:\/\/studioharris.fi\/wp-content\/uploads\/2025\/07\/Studio22_2025-8.jpeg\",\"contentUrl\":\"https:\/\/studioharris.fi\/wp-content\/uploads\/2025\/07\/Studio22_2025-8.jpeg\",\"width\":1078,\"height\":1600},{\"@type\":\"WebPage\",\"@id\":\"https:\/\/studioharris.fi\/index.php\/tiimi\/#webpage\",\"url\":\"https:\/\/studioharris.fi\/index.php\/tiimi\/\",\"name\":\"Tiimi - Studio22\",\"isPartOf\":{\"@id\":\"https:\/\/studioharris.fi\/#website\"},\"primaryImageOfPage\":{\"@id\":\"https:\/\/studioharris.fi\/index.php\/tiimi\/#primaryimage\"},\"datePublished\":\"2021-10-31T11:04:18+00:00\",\"dateModified\":\"2025-07-01T16:17:47+00:00\",\"breadcrumb\":{\"@id\":\"https:\/\/studioharris.fi\/index.php\/tiimi\/#breadcrumb\"},\"inLanguage\":\"fi\",\"potentialAction\":[{\"@type\":\"ReadAction\",\"target\":[\"https:\/\/studioharris.fi\/index.php\/tiimi\/\"]}]},{\"@type\":\"BreadcrumbList\",\"@id\":\"https:\/\/studioharris.fi\/index.php\/tiimi\/#breadcrumb\",\"itemListElement\":[{\"@type\":\"ListItem\",\"position\":1,\"name\":\"Etusivu\",\"item\":\"https:\/\/studioharris.fi\/\"},{\"@type\":\"ListItem\",\"position\":2,\"name\":\"Tiimi\"}]}]}<\/script>\n<!-- \/ Yoast SEO plugin. -->","yoast_head_json":{"title":"Tiimi - Studio22","robots":{"index":"index","follow":"follow","max-snippet":"max-snippet:-1","max-image-preview":"max-image-preview:large","max-video-preview":"max-video-preview:-1"},"canonical":"https:\/\/studioharris.fi\/index.php\/tiimi\/","og_locale":"fi_FI","og_type":"article","og_title":"Tiimi - Studio22","og_description":"Tiimi \u00a0 Melissa Moi! Oon toiminut parturi-kampaaja yritt\u00e4j\u00e4n\u00e4 vuodesta 2013 asti. Tehnyt liiket\u00f6it\u00e4 Suomessa sek\u00e4 ulkomailla. Eniten ty\u00f6ss\u00e4ni pid\u00e4n vaihtelevuudesta ja monipuolisuudesta &#8211; jokainen p\u00e4iv\u00e4, jokainen asiakas ja jokainen hius on erilainen, joten pyrin ty\u00f6ss\u00e4ni tuomaan ihmisten parhaimmat puolet esiin! \u00a0 Varaa aika \u00a0 N\u00e4hd\u00e4\u00e4n Studiolla!","og_url":"https:\/\/studioharris.fi\/index.php\/tiimi\/","og_site_name":"Studio22","article_publisher":"https:\/\/www.facebook.com\/hairbymmaliiya\/","article_modified_time":"2025-07-01T16:17:47+00:00","og_image":[{"url":"https:\/\/studioharris.fi\/wp-content\/uploads\/2025\/07\/Studio22_2025-8.jpeg"}],"twitter_card":"summary_large_image","twitter_misc":{"Arvioitu lukuaika":"2 minuuttia"},"schema":{"@context":"https:\/\/schema.org","@graph":[{"@type":"Organization","@id":"https:\/\/studioharris.fi\/#organization","name":"Studio22","url":"https:\/\/studioharris.fi\/","sameAs":["https:\/\/www.facebook.com\/hairbymmaliiya\/","https:\/\/www.instagram.com\/hairbymmaliiya\/"],"logo":{"@type":"ImageObject","@id":"https:\/\/studioharris.fi\/#logo","inLanguage":"fi","url":"https:\/\/studioharris.fi\/wp-content\/uploads\/2021\/11\/cropped-Studio22_logo_musta-2.png","contentUrl":"https:\/\/studioharris.fi\/wp-content\/uploads\/2021\/11\/cropped-Studio22_logo_musta-2.png","width":512,"height":512,"caption":"Studio22"},"image":{"@id":"https:\/\/studioharris.fi\/#logo"}},{"@type":"WebSite","@id":"https:\/\/studioharris.fi\/#website","url":"https:\/\/studioharris.fi\/","name":"Studio22","description":"Kampaamo Kotkan Kantasatamassa","publisher":{"@id":"https:\/\/studioharris.fi\/#organization"},"potentialAction":[{"@type":"SearchAction","target":{"@type":"EntryPoint","urlTemplate":"https:\/\/studioharris.fi\/?s={search_term_string}"},"query-input":"required name=search_term_string"}],"inLanguage":"fi"},{"@type":"ImageObject","@id":"https:\/\/studioharris.fi\/index.php\/tiimi\/#primaryimage","inLanguage":"fi","url":"https:\/\/studioharris.fi\/wp-content\/uploads\/2025\/07\/Studio22_2025-8.jpeg","contentUrl":"https:\/\/studioharris.fi\/wp-content\/uploads\/2025\/07\/Studio22_2025-8.jpeg","width":1078,"height":1600},{"@type":"WebPage","@id":"https:\/\/studioharris.fi\/index.php\/tiimi\/#webpage","url":"https:\/\/studioharris.fi\/index.php\/tiimi\/","name":"Tiimi - Studio22","isPartOf":{"@id":"https:\/\/studioharris.fi\/#website"},"primaryImageOfPage":{"@id":"https:\/\/studioharris.fi\/index.php\/tiimi\/#primaryimage"},"datePublished":"2021-10-31T11:04:18+00:00","dateModified":"2025-07-01T16:17:47+00:00","breadcrumb":{"@id":"https:\/\/studioharris.fi\/index.php\/tiimi\/#breadcrumb"},"inLanguage":"fi","potentialAction":[{"@type":"ReadAction","target":["https:\/\/studioharris.fi\/index.php\/tiimi\/"]}]},{"@type":"BreadcrumbList","@id":"https:\/\/studioharris.fi\/index.php\/tiimi\/#breadcrumb","itemListElement":[{"@type":"ListItem","position":1,"name":"Etusivu","item":"https:\/\/studioharris.fi\/"},{"@type":"ListItem","position":2,"name":"Tiimi"}]}]}},"_links":{"self":[{"href":"https:\/\/studioharris.fi\/index.php\/wp-json\/wp\/v2\/pages\/56"}],"collection":[{"href":"https:\/\/studioharris.fi\/index.php\/wp-json\/wp\/v2\/pages"}],"about":[{"href":"https:\/\/studioharris.fi\/index.php\/wp-json\/wp\/v2\/types\/page"}],"author":[{"embeddable":true,"href":"https:\/\/studioharris.fi\/index.php\/wp-json\/wp\/v2\/users\/1"}],"replies":[{"embeddable":true,"href":"https:\/\/studioharris.fi\/index.php\/wp-json\/wp\/v2\/comments?post=56"}],"version-history":[{"count":63,"href":"https:\/\/studioharris.fi\/index.php\/wp-json\/wp\/v2\/pages\/56\/revisions"}],"predecessor-version":[{"id":591,"href":"https:\/\/studioharris.fi\/index.php\/wp-json\/wp\/v2\/pages\/56\/revisions\/591"}],"wp:attachment":[{"href":"https:\/\/studioharris.fi\/index.php\/wp-json\/wp\/v2\/media?parent=56"}],"curies":[{"name":"wp","href":"https:\/\/api.w.org\/{rel}","templated":true}]}}